{"id":539,"date":"2025-05-19T14:32:52","date_gmt":"2025-05-19T14:32:52","guid":{"rendered":"https:\/\/beowulfacademy.com\/?page_id=539"},"modified":"2025-12-11T20:24:47","modified_gmt":"2025-12-11T20:24:47","slug":"beowulf-academy-grupni-casovi-engleskog","status":"publish","type":"page","link":"https:\/\/beowulfacademy.com\/index.php\/beowulf-academy-grupni-casovi-engleskog\/","title":{"rendered":"Beowulf Academy \/ Grupni \u010dasovi engleskog"},"content":{"rendered":"<p>[et_pb_section fb_built=&#8221;1&#8243; _builder_version=&#8221;4.25.1&#8243; _module_preset=&#8221;default&#8221; background_color=&#8221;gcid-a674551e-c023-4666-82b8-b7448e713885&#8243; custom_padding=&#8221;50px||3px|||&#8221; locked=&#8221;off&#8221; global_colors_info=&#8221;{%22gcid-a674551e-c023-4666-82b8-b7448e713885%22:%91%22background_color%22%93}&#8221;][et_pb_row _builder_version=&#8221;4.25.1&#8243; _module_preset=&#8221;default&#8221; custom_margin=&#8221;4px|auto||auto||&#8221; custom_padding=&#8221;14px|||||&#8221; global_colors_info=&#8221;{}&#8221;][et_pb_column type=&#8221;4_4&#8243; _builder_version=&#8221;4.25.1&#8243; _module_preset=&#8221;default&#8221; global_colors_info=&#8221;{}&#8221;][et_pb_text _builder_version=&#8221;4.25.1&#8243; _module_preset=&#8221;default&#8221; text_font=&#8221;Nunito Sans|700|||||||&#8221; text_text_color=&#8221;#ffffff&#8221; text_font_size=&#8221;38px&#8221; text_letter_spacing=&#8221;4px&#8221; text_line_height=&#8221;1.2em&#8221; text_orientation=&#8221;center&#8221; background_layout=&#8221;dark&#8221; width=&#8221;100%&#8221; module_alignment=&#8221;center&#8221; custom_margin=&#8221;||4px|||&#8221; custom_padding=&#8221;0px|||||&#8221; global_colors_info=&#8221;{}&#8221;]<\/p>\n<p><strong>GRUPNI \u010cASOVI ENGLESKOG<\/strong><\/p>\n<p>[\/et_pb_text][\/et_pb_column][\/et_pb_row][\/et_pb_section][et_pb_section fb_built=&#8221;1&#8243; _builder_version=&#8221;4.25.1&#8243; _module_preset=&#8221;default&#8221; custom_padding=&#8221;98px||30px|||&#8221; top_divider_style=&#8221;waves&#8221; top_divider_color=&#8221;gcid-a674551e-c023-4666-82b8-b7448e713885&#8243; locked=&#8221;off&#8221; global_colors_info=&#8221;{%22gcid-a674551e-c023-4666-82b8-b7448e713885%22:%91%22top_divider_color%22%93}&#8221;][et_pb_row _builder_version=&#8221;4.25.1&#8243; _module_preset=&#8221;default&#8221; custom_margin=&#8221;24px|auto||auto||&#8221; custom_padding=&#8221;1px||0px|||&#8221; global_colors_info=&#8221;{}&#8221;][et_pb_column type=&#8221;4_4&#8243; _builder_version=&#8221;4.25.1&#8243; _module_preset=&#8221;default&#8221; global_colors_info=&#8221;{}&#8221;][et_pb_text _builder_version=&#8221;4.27.4&#8243; _module_preset=&#8221;default&#8221; text_font=&#8221;Nunito Sans||||||||&#8221; text_text_color=&#8221;gcid-a674551e-c023-4666-82b8-b7448e713885&#8243; text_font_size=&#8221;1.4em&#8221; text_line_height=&#8221;1.8em&#8221; custom_margin=&#8221;0px||||false|false&#8221; custom_padding=&#8221;||0px|||&#8221; hover_enabled=&#8221;0&#8243; global_colors_info=&#8221;{%22gcid-a674551e-c023-4666-82b8-b7448e713885%22:%91%22text_text_color%22,%22text_text_color%22%93}&#8221; sticky_enabled=&#8221;0&#8243;]<\/p>\n<p style=\"text-align: justify;\">U\u010denje jezika mo\u017ee biti mnogo lak\u0161e i zabavnije kada ga delimo sa drugima. <strong>Grupni \u010dasovi engleskog jezika <\/strong>vam nude jedinstvenu priliku da ve\u017ebate, u\u010dite i napredujete zajedno sa ljudima sli\u010dnog nivoa znanja, ali i razli\u010ditih iskustava i pogleda. Upravo zato su grupni \u010dasovi idealni za sve koji \u017eele dinami\u010dno, interaktivno i motivi\u0161u\u0107e okru\u017eenje.<\/p>\n<p style=\"text-align: justify;\">Na\u0161a <strong>\u0161kola engleskog jezika <\/strong>nudi pa\u017eljivo formirane grupe sa malim brojem polaznika, kako bi svi imali dovoljno prostora da se izraze, postavljaju pitanja i aktivno u\u010destvuju u konverzaciji. Grupe se formiraju prema znanju i ciljevima u\u010denika, bilo da ste po\u010detnik, srednji nivo ili prosto \u017eelite da unapredite poslovni engleski.<\/p>\n<p style=\"text-align: justify;\">Za sve vas koji zbog raznih obaveza u toku dana ne mo\u017eete da prisustvujete nastavi u\u017eivo, <strong>Beowulf<\/strong> <strong>Akademija<\/strong> ima idealno re\u0161enje \u2013 <strong>online \u010dasovi engleskog<\/strong>. Poha\u0111ate \u0161kolu jezika u grupi, ali iz udobnosti svog doma. Bilo da ste iz Novog Sada ili nekog drugog mesta u Srbiji, ili pak \u017eivite u inostranstvu, mo\u017eete se pridru\u017eiti nastavi putem interneta, uz interakciju i punu podr\u0161ku profesora i kolega. Ova vrsta predavanja engleskog online kombinuje fleksibilnost i ose\u0107aj zajedni\u0161tva.<\/p>\n<p style=\"text-align: justify;\">Tokom grupne nastave, posebnu pa\u017enju posve\u0107ujemo komunikaciji, slu\u0161anju, i razmeni mi\u0161ljenja. Na primer, diskusije na teme iz svakodnevnog \u017eivota, putovanja, kulture ili poslovnog sveta \u010dine na\u0161e \u010dasove zanimljivim i korisnim. U\u010denje kroz kontekst poma\u017ee vam da engleski jezik ne u\u010dite napamet, ve\u0107 kroz konkretne situacije koje lako prepoznate i odmah primenjujete u stvarnom \u017eivotu. Veliki plus grupnih \u010dasova engleskog je \u0161to, pored predava\u010da, imate i kolege koje vas bodre, motivi\u0161u i ve\u017ebaju sa vama, stvaraju\u0107i dinami\u010dno i podr\u017eavaju\u0107e okru\u017eenje za u\u010denje.<\/p>\n<p style=\"text-align: justify;\">Ako tra\u017eite <strong>\u0161kolu engleskog jezika<\/strong>\u00a0koja nudi modernu nastavu, motivi\u0161u\u0107e grupe i iskusne profesore, na pravom ste mestu. Bilo da \u017eelite da u\u010dite engleski radi posla, putovanja ili li\u010dnog razvoja, na\u0161i <strong>grupni \u010dasovi engleskog<\/strong> su efikasni, pristupa\u010dni i zabavni.<\/p>\n<p style=\"text-align: justify;\"><strong>Pridru\u017eite se na\u0161oj zajednici i otkrijte koliko u\u010denje mo\u017ee biti inspirativno kada niste sami u tome.<\/strong><\/p>\n<p>[\/et_pb_text][et_pb_button button_url=&#8221;https:\/\/beowulfacademy.com\/index.php\/kontakt-2\/&#8221; button_text=&#8221;Postani deo na\u0161e akademije!&#8221; button_alignment=&#8221;center&#8221; _builder_version=&#8221;4.27.4&#8243; _module_preset=&#8221;default&#8221; custom_button=&#8221;on&#8221; button_text_size=&#8221;24px&#8221; button_text_color=&#8221;gcid-primary-color&#8221; button_bg_color=&#8221;gcid-a674551e-c023-4666-82b8-b7448e713885&#8243; button_border_width=&#8221;0px&#8221; button_border_color=&#8221;#FFFFFF&#8221; button_border_radius=&#8221;100px&#8221; button_font=&#8221;Poppins|700|||||||&#8221; button_icon_color=&#8221;#FFFFFF&#8221; background_layout=&#8221;dark&#8221; locked=&#8221;off&#8221; global_colors_info=&#8221;{%22gcid-a674551e-c023-4666-82b8-b7448e713885%22:%91%22button_bg_color%22%93,%22gcid-primary-color%22:%91%22button_text_color%22%93}&#8221;][\/et_pb_button][\/et_pb_column][\/et_pb_row][\/et_pb_section][et_pb_section fb_built=&#8221;1&#8243; prev_background_color=&#8221;#ffffff&#8221; _builder_version=&#8221;4.25.1&#8243; _module_preset=&#8221;default&#8221; background_color=&#8221;gcid-f97cece5-7be8-4f1e-9c80-b24cb8a333b3&#8243; custom_margin=&#8221;3px|||||&#8221; custom_padding=&#8221;110px||0px|||&#8221; top_divider_style=&#8221;waves&#8221; locked=&#8221;off&#8221; global_colors_info=&#8221;{%22gcid-f97cece5-7be8-4f1e-9c80-b24cb8a333b3%22:%91%22background_color%22%93}&#8221;][et_pb_row column_structure=&#8221;1_5,1_5,1_5,1_5,1_5&#8243; _builder_version=&#8221;4.25.1&#8243; _module_preset=&#8221;default&#8221; locked=&#8221;off&#8221; global_colors_info=&#8221;{}&#8221;][et_pb_column type=&#8221;1_5&#8243; _builder_version=&#8221;4.25.1&#8243; _module_preset=&#8221;default&#8221; global_colors_info=&#8221;{}&#8221;][et_pb_social_media_follow icon_font_size=&#8221;36px&#8221; _builder_version=&#8221;4.25.1&#8243; _module_preset=&#8221;2a6e76ff-5e0e-43d9-8d39-0d2ab0af194a&#8221; locked=&#8221;off&#8221; global_colors_info=&#8221;{}&#8221;][et_pb_social_media_follow_network social_network=&#8221;tiktok&#8221; url=&#8221;https:\/\/www.tiktok.com\/@beowulf_academy&#8221; icon_color=&#8221;#FFFFFF&#8221; use_icon_font_size=&#8221;on&#8221; _builder_version=&#8221;4.25.1&#8243; _module_preset=&#8221;default&#8221; background_color=&#8221;#000000&#8243; background_enable_color=&#8221;on&#8221; global_colors_info=&#8221;{}&#8221; follow_button=&#8221;off&#8221; url_new_window=&#8221;on&#8221;]tiktok[\/et_pb_social_media_follow_network][\/et_pb_social_media_follow][\/et_pb_column][et_pb_column type=&#8221;1_5&#8243; _builder_version=&#8221;4.25.1&#8243; _module_preset=&#8221;default&#8221; global_colors_info=&#8221;{}&#8221;][et_pb_social_media_follow icon_font_size=&#8221;36px&#8221; _builder_version=&#8221;4.25.1&#8243; _module_preset=&#8221;2a6e76ff-5e0e-43d9-8d39-0d2ab0af194a&#8221; locked=&#8221;off&#8221; global_colors_info=&#8221;{}&#8221;][et_pb_social_media_follow_network social_network=&#8221;instagram&#8221; url=&#8221;https:\/\/www.instagram.com\/beowulf_academy\/&#8221; _builder_version=&#8221;4.25.1&#8243; _module_preset=&#8221;default&#8221; background_color=&#8221;#ea2c59&#8243; global_colors_info=&#8221;{}&#8221; follow_button=&#8221;off&#8221; url_new_window=&#8221;on&#8221;]instagram[\/et_pb_social_media_follow_network][\/et_pb_social_media_follow][\/et_pb_column][et_pb_column type=&#8221;1_5&#8243; _builder_version=&#8221;4.25.1&#8243; _module_preset=&#8221;default&#8221; global_colors_info=&#8221;{}&#8221;][et_pb_social_media_follow icon_font_size=&#8221;36px&#8221; _builder_version=&#8221;4.25.1&#8243; _module_preset=&#8221;2a6e76ff-5e0e-43d9-8d39-0d2ab0af194a&#8221; custom_margin=&#8221;||-3px|||&#8221; locked=&#8221;off&#8221; global_colors_info=&#8221;{}&#8221;][et_pb_social_media_follow_network social_network=&#8221;youtube&#8221; url=&#8221;https:\/\/www.youtube.com\/@beowulf_academy&#8221; _builder_version=&#8221;4.25.1&#8243; _module_preset=&#8221;default&#8221; background_color=&#8221;#dd2c00&#8243; background_enable_color=&#8221;on&#8221; global_colors_info=&#8221;{}&#8221; follow_button=&#8221;off&#8221; url_new_window=&#8221;on&#8221;]youtube[\/et_pb_social_media_follow_network][\/et_pb_social_media_follow][\/et_pb_column][et_pb_column type=&#8221;1_5&#8243; _builder_version=&#8221;4.25.1&#8243; _module_preset=&#8221;default&#8221; global_colors_info=&#8221;{}&#8221;][et_pb_social_media_follow icon_font_size=&#8221;36px&#8221; _builder_version=&#8221;4.25.1&#8243; _module_preset=&#8221;default&#8221; locked=&#8221;off&#8221; global_colors_info=&#8221;{}&#8221;][et_pb_social_media_follow_network social_network=&#8221;facebook&#8221; url=&#8221;https:\/\/www.facebook.com\/profile.php?id=61559141018676&#8243; _builder_version=&#8221;4.25.1&#8243; _module_preset=&#8221;default&#8221; background_color=&#8221;#3b5998&#8243; global_colors_info=&#8221;{}&#8221; follow_button=&#8221;off&#8221; url_new_window=&#8221;on&#8221;]facebook[\/et_pb_social_media_follow_network][\/et_pb_social_media_follow][\/et_pb_column][et_pb_column type=&#8221;1_5&#8243; _builder_version=&#8221;4.25.1&#8243; _module_preset=&#8221;default&#8221; global_colors_info=&#8221;{}&#8221;][et_pb_social_media_follow icon_font_size=&#8221;36px&#8221; _builder_version=&#8221;4.25.1&#8243; _module_preset=&#8221;default&#8221; locked=&#8221;off&#8221; global_colors_info=&#8221;{}&#8221;][et_pb_social_media_follow_network social_network=&#8221;linkedin&#8221; url=&#8221;https:\/\/www.linkedin.com\/company\/103222329&#8243; _builder_version=&#8221;4.25.1&#8243; _module_preset=&#8221;default&#8221; background_color=&#8221;#007bb6&#8243; global_colors_info=&#8221;{}&#8221; follow_button=&#8221;off&#8221; url_new_window=&#8221;on&#8221;]linkedin[\/et_pb_social_media_follow_network][\/et_pb_social_media_follow][\/et_pb_column][\/et_pb_row][\/et_pb_section]<\/p>\n","protected":false},"excerpt":{"rendered":"<p>GRUPNI \u010cASOVI ENGLESKOGU\u010denje jezika mo\u017ee biti mnogo lak\u0161e i zabavnije kada ga delimo sa drugima. Grupni \u010dasovi engleskog jezika vam nude jedinstvenu priliku da ve\u017ebate, u\u010dite i napredujete zajedno sa ljudima sli\u010dnog nivoa znanja, ali i razli\u010ditih iskustava i pogleda. Upravo zato su grupni \u010dasovi idealni za sve koji \u017eele dinami\u010dno, interaktivno i motivi\u0161u\u0107e okru\u017eenje. [&hellip;]<\/p>\n","protected":false},"author":3,"featured_media":0,"parent":0,"menu_order":0,"comment_status":"closed","ping_status":"closed","template":"","meta":{"_et_pb_use_builder":"on","_et_pb_old_content":"","_et_gb_content_width":"","footnotes":""},"class_list":["post-539","page","type-page","status-publish","hentry"],"yoast_head":"<!-- This site is optimized with the Yoast SEO Premium plugin v27.2 (Yoast SEO v27.4) - https:\/\/yoast.com\/product\/yoast-seo-premium-wordpress\/ -->\n<title>Grupni \u010dasovi engleskog u interaktivnom okru\u017eenju | Beowulf Academy<\/title>\n<meta name=\"description\" content=\"Grupni \u010dasovi engleskog su idealni za interaktivno u\u010denje i razmenu znanja. Pobolj\u0161ajte komunikaciju i govor uz podr\u0161ku predava\u010da i kolega.\" \/>\n<meta name=\"robots\" content=\"index, follow, max-snippet:-1, max-image-preview:large, max-video-preview:-1\" \/>\n<link rel=\"canonical\" href=\"https:\/\/beowulfacademy.com\/index.php\/beowulf-academy-grupni-casovi-engleskog\/\" \/>\n<meta property=\"og:locale\" content=\"en_US\" \/>\n<meta property=\"og:type\" content=\"article\" \/>\n<meta property=\"og:title\" content=\"Beowulf Academy \/ Grupni \u010dasovi engleskog\" \/>\n<meta property=\"og:description\" content=\"Grupni \u010dasovi engleskog su idealni za interaktivno u\u010denje i razmenu znanja. Pobolj\u0161ajte komunikaciju i govor uz podr\u0161ku predava\u010da i kolega.\" \/>\n<meta property=\"og:url\" content=\"https:\/\/beowulfacademy.com\/index.php\/beowulf-academy-grupni-casovi-engleskog\/\" \/>\n<meta property=\"og:site_name\" content=\"Beowulf Academy\" \/>\n<meta property=\"article:publisher\" content=\"https:\/\/www.facebook.com\/people\/Beowulf\/61559141018676\/\" \/>\n<meta property=\"article:modified_time\" content=\"2025-12-11T20:24:47+00:00\" \/>\n<meta property=\"og:image\" content=\"https:\/\/beowulfacademy.com\/wp-content\/uploads\/2025\/11\/cropped-Logo-1-scaled-1.png\" \/>\n\t<meta property=\"og:image:width\" content=\"512\" \/>\n\t<meta property=\"og:image:height\" content=\"512\" \/>\n\t<meta property=\"og:image:type\" content=\"image\/png\" \/>\n<meta name=\"twitter:card\" content=\"summary_large_image\" \/>\n<meta name=\"twitter:label1\" content=\"Est. reading time\" \/>\n\t<meta name=\"twitter:data1\" content=\"2 minutes\" \/>\n<script type=\"application\/ld+json\" class=\"yoast-schema-graph\">{\"@context\":\"https:\\\/\\\/schema.org\",\"@graph\":[{\"@type\":\"WebPage\",\"@id\":\"https:\\\/\\\/beowulfacademy.com\\\/index.php\\\/beowulf-academy-grupni-casovi-engleskog\\\/\",\"url\":\"https:\\\/\\\/beowulfacademy.com\\\/index.php\\\/beowulf-academy-grupni-casovi-engleskog\\\/\",\"name\":\"Grupni \u010dasovi engleskog u interaktivnom okru\u017eenju | Beowulf Academy\",\"isPartOf\":{\"@id\":\"https:\\\/\\\/beowulfacademy.com\\\/#website\"},\"datePublished\":\"2025-05-19T14:32:52+00:00\",\"dateModified\":\"2025-12-11T20:24:47+00:00\",\"description\":\"Grupni \u010dasovi engleskog su idealni za interaktivno u\u010denje i razmenu znanja. Pobolj\u0161ajte komunikaciju i govor uz podr\u0161ku predava\u010da i kolega.\",\"breadcrumb\":{\"@id\":\"https:\\\/\\\/beowulfacademy.com\\\/index.php\\\/beowulf-academy-grupni-casovi-engleskog\\\/#breadcrumb\"},\"inLanguage\":\"en-US\",\"potentialAction\":[{\"@type\":\"ReadAction\",\"target\":[\"https:\\\/\\\/beowulfacademy.com\\\/index.php\\\/beowulf-academy-grupni-casovi-engleskog\\\/\"]}]},{\"@type\":\"BreadcrumbList\",\"@id\":\"https:\\\/\\\/beowulfacademy.com\\\/index.php\\\/beowulf-academy-grupni-casovi-engleskog\\\/#breadcrumb\",\"itemListElement\":[{\"@type\":\"ListItem\",\"position\":1,\"name\":\"Home\",\"item\":\"https:\\\/\\\/beowulfacademy.com\\\/\"},{\"@type\":\"ListItem\",\"position\":2,\"name\":\"Beowulf Academy \\\/ Grupni \u010dasovi engleskog\"}]},{\"@type\":\"WebSite\",\"@id\":\"https:\\\/\\\/beowulfacademy.com\\\/#website\",\"url\":\"https:\\\/\\\/beowulfacademy.com\\\/\",\"name\":\"Beowulf Academy \\\/ Online \u010dasovi engleskog\",\"description\":\"Online \u010dasovi engleskog\",\"publisher\":{\"@id\":\"https:\\\/\\\/beowulfacademy.com\\\/#organization\"},\"alternateName\":\"Beowulf \u0160kola Engleskog\",\"potentialAction\":[{\"@type\":\"SearchAction\",\"target\":{\"@type\":\"EntryPoint\",\"urlTemplate\":\"https:\\\/\\\/beowulfacademy.com\\\/?s={search_term_string}\"},\"query-input\":{\"@type\":\"PropertyValueSpecification\",\"valueRequired\":true,\"valueName\":\"search_term_string\"}}],\"inLanguage\":\"en-US\"},{\"@type\":\"Organization\",\"@id\":\"https:\\\/\\\/beowulfacademy.com\\\/#organization\",\"name\":\"Beowulf Academy\",\"alternateName\":\"Beowulf \u0160kola Engleskog\",\"url\":\"https:\\\/\\\/beowulfacademy.com\\\/\",\"logo\":{\"@type\":\"ImageObject\",\"inLanguage\":\"en-US\",\"@id\":\"https:\\\/\\\/beowulfacademy.com\\\/#\\\/schema\\\/logo\\\/image\\\/\",\"url\":\"https:\\\/\\\/beowulfacademy.com\\\/wp-content\\\/uploads\\\/2025\\\/05\\\/Beowulf-NEW-LOGO-scaled.png\",\"contentUrl\":\"https:\\\/\\\/beowulfacademy.com\\\/wp-content\\\/uploads\\\/2025\\\/05\\\/Beowulf-NEW-LOGO-scaled.png\",\"width\":2560,\"height\":2560,\"caption\":\"Beowulf Academy\"},\"image\":{\"@id\":\"https:\\\/\\\/beowulfacademy.com\\\/#\\\/schema\\\/logo\\\/image\\\/\"},\"sameAs\":[\"https:\\\/\\\/www.facebook.com\\\/people\\\/Beowulf\\\/61559141018676\\\/\",\"https:\\\/\\\/www.tiktok.com\\\/@beowulf_academy\",\"https:\\\/\\\/www.instagram.com\\\/beowulf_academy\",\"https:\\\/\\\/www.youtube.com\\\/@beowulf_academy\",\"https:\\\/\\\/www.linkedin.com\\\/company\\\/103222329\\\/\"],\"description\":\"Founded in 2024 by Vuk \u017degarac, a Master of Philology in English Studies, Beowulf Academy was established to address a major gap in the language education industry. The market was overwhelmed with unqualified instructors, outdated teaching methods, and unrealistic promises of rapid progress. Recognizing the need for expert educators, innovative programs aligned with modern trends and technology, and honest, achievable learning expectations, the academy quickly proved its value. Success was immediate, and Beowulf Academy rapidly expanded to meet growing demand. At Beowulf Academy, we bring together a team of highly skilled professionals who seamlessly blend the best aspects of traditional language learning with modern, interactive teaching techniques. Our core focus is providing high-quality online English classes that offer flexibility, accessibility, and personalized learning for students worldwide. By continuously refining the Beowulf Method, we ensure that our curriculum is tailored to the needs of today\u2019s fast-paced, competitive global environment. Through cutting-edge technology, immersive virtual classrooms, and expert guidance, we empower students to achieve fluency and confidence in English\u2014whether for professional growth, academic success, or personal development. Beowulf Academy is committed to making language learning more effective, engaging, and accessible than ever before.\",\"email\":\"beowulf.office@gmail.com\",\"telephone\":\"+38166429137\",\"legalName\":\"Vuk \u017degarac PR Beowulf Crepaja\",\"foundingDate\":\"2024-02-19\",\"numberOfEmployees\":{\"@type\":\"QuantitativeValue\",\"minValue\":\"1\",\"maxValue\":\"10\"},\"publishingPrinciples\":\"https:\\\/\\\/beowulfacademy.com\\\/index.php\\\/pravilnik\\\/\",\"ownershipFundingInfo\":\"https:\\\/\\\/beowulfacademy.com\\\/index.php\\\/skola-engleskog-jezika\\\/\",\"actionableFeedbackPolicy\":\"https:\\\/\\\/beowulfacademy.com\\\/index.php\\\/pravilnik\\\/\",\"correctionsPolicy\":\"https:\\\/\\\/beowulfacademy.com\\\/index.php\\\/pravilnik\\\/\",\"ethicsPolicy\":\"https:\\\/\\\/beowulfacademy.com\\\/index.php\\\/pravilnik\\\/\",\"diversityPolicy\":\"https:\\\/\\\/beowulfacademy.com\\\/index.php\\\/pravilnik\\\/\",\"diversityStaffingReport\":\"https:\\\/\\\/beowulfacademy.com\\\/index.php\\\/skola-engleskog-jezika\\\/\"}]}<\/script>\n<!-- \/ Yoast SEO Premium plugin. -->","yoast_head_json":{"title":"Grupni \u010dasovi engleskog u interaktivnom okru\u017eenju | Beowulf Academy","description":"Grupni \u010dasovi engleskog su idealni za interaktivno u\u010denje i razmenu znanja. Pobolj\u0161ajte komunikaciju i govor uz podr\u0161ku predava\u010da i kolega.","robots":{"index":"index","follow":"follow","max-snippet":"max-snippet:-1","max-image-preview":"max-image-preview:large","max-video-preview":"max-video-preview:-1"},"canonical":"https:\/\/beowulfacademy.com\/index.php\/beowulf-academy-grupni-casovi-engleskog\/","og_locale":"en_US","og_type":"article","og_title":"Beowulf Academy \/ Grupni \u010dasovi engleskog","og_description":"Grupni \u010dasovi engleskog su idealni za interaktivno u\u010denje i razmenu znanja. Pobolj\u0161ajte komunikaciju i govor uz podr\u0161ku predava\u010da i kolega.","og_url":"https:\/\/beowulfacademy.com\/index.php\/beowulf-academy-grupni-casovi-engleskog\/","og_site_name":"Beowulf Academy","article_publisher":"https:\/\/www.facebook.com\/people\/Beowulf\/61559141018676\/","article_modified_time":"2025-12-11T20:24:47+00:00","og_image":[{"width":512,"height":512,"url":"https:\/\/beowulfacademy.com\/wp-content\/uploads\/2025\/11\/cropped-Logo-1-scaled-1.png","type":"image\/png"}],"twitter_card":"summary_large_image","twitter_misc":{"Est. reading time":"2 minutes"},"schema":{"@context":"https:\/\/schema.org","@graph":[{"@type":"WebPage","@id":"https:\/\/beowulfacademy.com\/index.php\/beowulf-academy-grupni-casovi-engleskog\/","url":"https:\/\/beowulfacademy.com\/index.php\/beowulf-academy-grupni-casovi-engleskog\/","name":"Grupni \u010dasovi engleskog u interaktivnom okru\u017eenju | Beowulf Academy","isPartOf":{"@id":"https:\/\/beowulfacademy.com\/#website"},"datePublished":"2025-05-19T14:32:52+00:00","dateModified":"2025-12-11T20:24:47+00:00","description":"Grupni \u010dasovi engleskog su idealni za interaktivno u\u010denje i razmenu znanja. Pobolj\u0161ajte komunikaciju i govor uz podr\u0161ku predava\u010da i kolega.","breadcrumb":{"@id":"https:\/\/beowulfacademy.com\/index.php\/beowulf-academy-grupni-casovi-engleskog\/#breadcrumb"},"inLanguage":"en-US","potentialAction":[{"@type":"ReadAction","target":["https:\/\/beowulfacademy.com\/index.php\/beowulf-academy-grupni-casovi-engleskog\/"]}]},{"@type":"BreadcrumbList","@id":"https:\/\/beowulfacademy.com\/index.php\/beowulf-academy-grupni-casovi-engleskog\/#breadcrumb","itemListElement":[{"@type":"ListItem","position":1,"name":"Home","item":"https:\/\/beowulfacademy.com\/"},{"@type":"ListItem","position":2,"name":"Beowulf Academy \/ Grupni \u010dasovi engleskog"}]},{"@type":"WebSite","@id":"https:\/\/beowulfacademy.com\/#website","url":"https:\/\/beowulfacademy.com\/","name":"Beowulf Academy \/ Online \u010dasovi engleskog","description":"Online \u010dasovi engleskog","publisher":{"@id":"https:\/\/beowulfacademy.com\/#organization"},"alternateName":"Beowulf \u0160kola Engleskog","potentialAction":[{"@type":"SearchAction","target":{"@type":"EntryPoint","urlTemplate":"https:\/\/beowulfacademy.com\/?s={search_term_string}"},"query-input":{"@type":"PropertyValueSpecification","valueRequired":true,"valueName":"search_term_string"}}],"inLanguage":"en-US"},{"@type":"Organization","@id":"https:\/\/beowulfacademy.com\/#organization","name":"Beowulf Academy","alternateName":"Beowulf \u0160kola Engleskog","url":"https:\/\/beowulfacademy.com\/","logo":{"@type":"ImageObject","inLanguage":"en-US","@id":"https:\/\/beowulfacademy.com\/#\/schema\/logo\/image\/","url":"https:\/\/beowulfacademy.com\/wp-content\/uploads\/2025\/05\/Beowulf-NEW-LOGO-scaled.png","contentUrl":"https:\/\/beowulfacademy.com\/wp-content\/uploads\/2025\/05\/Beowulf-NEW-LOGO-scaled.png","width":2560,"height":2560,"caption":"Beowulf Academy"},"image":{"@id":"https:\/\/beowulfacademy.com\/#\/schema\/logo\/image\/"},"sameAs":["https:\/\/www.facebook.com\/people\/Beowulf\/61559141018676\/","https:\/\/www.tiktok.com\/@beowulf_academy","https:\/\/www.instagram.com\/beowulf_academy","https:\/\/www.youtube.com\/@beowulf_academy","https:\/\/www.linkedin.com\/company\/103222329\/"],"description":"Founded in 2024 by Vuk \u017degarac, a Master of Philology in English Studies, Beowulf Academy was established to address a major gap in the language education industry. The market was overwhelmed with unqualified instructors, outdated teaching methods, and unrealistic promises of rapid progress. Recognizing the need for expert educators, innovative programs aligned with modern trends and technology, and honest, achievable learning expectations, the academy quickly proved its value. Success was immediate, and Beowulf Academy rapidly expanded to meet growing demand. At Beowulf Academy, we bring together a team of highly skilled professionals who seamlessly blend the best aspects of traditional language learning with modern, interactive teaching techniques. Our core focus is providing high-quality online English classes that offer flexibility, accessibility, and personalized learning for students worldwide. By continuously refining the Beowulf Method, we ensure that our curriculum is tailored to the needs of today\u2019s fast-paced, competitive global environment. Through cutting-edge technology, immersive virtual classrooms, and expert guidance, we empower students to achieve fluency and confidence in English\u2014whether for professional growth, academic success, or personal development. Beowulf Academy is committed to making language learning more effective, engaging, and accessible than ever before.","email":"beowulf.office@gmail.com","telephone":"+38166429137","legalName":"Vuk \u017degarac PR Beowulf Crepaja","foundingDate":"2024-02-19","numberOfEmployees":{"@type":"QuantitativeValue","minValue":"1","maxValue":"10"},"publishingPrinciples":"https:\/\/beowulfacademy.com\/index.php\/pravilnik\/","ownershipFundingInfo":"https:\/\/beowulfacademy.com\/index.php\/skola-engleskog-jezika\/","actionableFeedbackPolicy":"https:\/\/beowulfacademy.com\/index.php\/pravilnik\/","correctionsPolicy":"https:\/\/beowulfacademy.com\/index.php\/pravilnik\/","ethicsPolicy":"https:\/\/beowulfacademy.com\/index.php\/pravilnik\/","diversityPolicy":"https:\/\/beowulfacademy.com\/index.php\/pravilnik\/","diversityStaffingReport":"https:\/\/beowulfacademy.com\/index.php\/skola-engleskog-jezika\/"}]}},"_links":{"self":[{"href":"https:\/\/beowulfacademy.com\/index.php\/wp-json\/wp\/v2\/pages\/539","targetHints":{"allow":["GET"]}}],"collection":[{"href":"https:\/\/beowulfacademy.com\/index.php\/wp-json\/wp\/v2\/pages"}],"about":[{"href":"https:\/\/beowulfacademy.com\/index.php\/wp-json\/wp\/v2\/types\/page"}],"author":[{"embeddable":true,"href":"https:\/\/beowulfacademy.com\/index.php\/wp-json\/wp\/v2\/users\/3"}],"replies":[{"embeddable":true,"href":"https:\/\/beowulfacademy.com\/index.php\/wp-json\/wp\/v2\/comments?post=539"}],"version-history":[{"count":12,"href":"https:\/\/beowulfacademy.com\/index.php\/wp-json\/wp\/v2\/pages\/539\/revisions"}],"predecessor-version":[{"id":1084,"href":"https:\/\/beowulfacademy.com\/index.php\/wp-json\/wp\/v2\/pages\/539\/revisions\/1084"}],"wp:attachment":[{"href":"https:\/\/beowulfacademy.com\/index.php\/wp-json\/wp\/v2\/media?parent=539"}],"curies":[{"name":"wp","href":"https:\/\/api.w.org\/{rel}","templated":true}]}}